{"id":2,"date":"2015-07-30T10:30:43","date_gmt":"2015-07-30T10:30:43","guid":{"rendered":"http:\/\/pnpgpaa.cluster030.hosting.ovh.net\/?page_id=2"},"modified":"2024-03-15T13:19:45","modified_gmt":"2024-03-15T12:19:45","slug":"home","status":"publish","type":"page","link":"https:\/\/www.sbcasbl.be\/","title":{"rendered":"Accueil"},"content":{"rendered":"<ul style=\"font-size:17px;\" class=\"wp-block-latest-posts__list has-dates wp-block-latest-posts\"><li><a class=\"wp-block-latest-posts__post-title\" href=\"https:\/\/www.sbcasbl.be\/index.php\/2026\/03\/25\/prochain-marche-sans-gluten-le-dimanche-29-03-a-seraing\/\">Prochain march\u00e9 sans gluten le dimanche 29\/03 \u00e0 Seraing !<\/a><time datetime=\"2026-03-25T08:16:00+01:00\" class=\"wp-block-latest-posts__post-date\">25 mars 2026<\/time><div class=\"wp-block-latest-posts__post-excerpt\">De nombreux artisans seront pr\u00e9sents : L&rsquo;Alternative, So Bake it, Lila Sweet, Dobbelstein, Le panier de Letti, Raberber, Bi\u00e8res Courtin, Confi-sens, Vervia, Revogan, In&rsquo;tol\u00e9rance, Foodtwist, &#8230; Pour vous restaurer \u00e0 midi, il y aura un foodtruck : \u00c7a roule sans (au menu : quiche, soupe et salade). Sans oublier le glacier Limont blanc avec ses<\/div><\/li>\n<li><a class=\"wp-block-latest-posts__post-title\" href=\"https:\/\/www.sbcasbl.be\/index.php\/2025\/08\/25\/dossier-ecole-pour-les-enfants-coeliaques\/\">Dossier \u00ab\u00a0\u00e9cole\u00a0\u00bb pour les enfants c\u0153liaques<\/a><time datetime=\"2025-08-25T21:29:00+02:00\" class=\"wp-block-latest-posts__post-date\">25 ao\u00fbt 2025<\/time><div class=\"wp-block-latest-posts__post-excerpt\">A l&rsquo;occasion de la rentr\u00e9e scolaire, nous vous rappelons que nous disposons d&rsquo;un dossier \u00ab\u00a0\u00e9cole\u00a0\u00bb qui vous aide \u00e0 g\u00e9rer au mieux la maladie c\u0153liaque de votre enfant dans le contexte scolaire. Ce dossier est compos\u00e9 de 4 documents : un petit livre illustr\u00e9 pour l&rsquo;enfant, un document pour les parents de l&rsquo;enfant c\u0153liaque, une<\/div><\/li>\n<li><a class=\"wp-block-latest-posts__post-title\" href=\"https:\/\/www.sbcasbl.be\/index.php\/2025\/07\/09\/horaire-dete\/\">Horaire d&rsquo;\u00e9t\u00e9<\/a><time datetime=\"2025-07-09T18:28:31+02:00\" class=\"wp-block-latest-posts__post-date\">9 juillet 2025<\/time><div class=\"wp-block-latest-posts__post-excerpt\">Notre secr\u00e9tariat fonctionnera au ralenti durant l&rsquo;\u00e9t\u00e9, selon les vacances de chacun de nos b\u00e9n\u00e9voles. Les d\u00e9lais de r\u00e9ponse peuvent donc \u00eatre un peu plus longs que d&rsquo;habitude. Merci pour votre compr\u00e9hension et on vous souhaite un tr\u00e8s bel \u00e9t\u00e9 sans gluten !<\/div><\/li>\n<li><a class=\"wp-block-latest-posts__post-title\" href=\"https:\/\/www.sbcasbl.be\/index.php\/2025\/03\/12\/prochain-marche-sans-gluten-le-dimanche-01-06-a-seraing\/\">Prochain march\u00e9 sans gluten le dimanche 01\/06 \u00e0 Seraing<\/a><time datetime=\"2025-03-12T14:09:11+01:00\" class=\"wp-block-latest-posts__post-date\">12 mars 2025<\/time><div class=\"wp-block-latest-posts__post-excerpt\">Rejoignez-nous lors de notre prochain march\u00e9 sans gluten ! Il aura lieu le dimanche 1er juin 2025 \u00e0 Seraing. Au programme : de nombreux artisans vous proposeront leurs produits sans gluten, un glacier sera pr\u00e9sent avec des cornets sans gluten et pour vous rassasier, des pains saucisse sans gluten seront \u00e9galement propos\u00e9s \ud83d\ude42 Horaire :<\/div><\/li>\n<li><a class=\"wp-block-latest-posts__post-title\" href=\"https:\/\/www.sbcasbl.be\/index.php\/2024\/07\/10\/prochain-marche-sans-gluten-le-23-11-a-pont-a-celles\/\">Prochain march\u00e9 sans gluten le 23\/11 \u00e0 Pont-\u00e0-Celles<\/a><time datetime=\"2024-07-10T11:52:57+02:00\" class=\"wp-block-latest-posts__post-date\">10 juillet 2024<\/time><div class=\"wp-block-latest-posts__post-excerpt\">Bloquez d\u00e9j\u00e0 la date dans vos agendas ! Notre prochain march\u00e9 sans gluten aura lieu le samedi 23 novembre 2024 \u00e0 Pont-\u00e0-Celles. Plus d&rsquo;infos suivront dans le courant du mois de septembre. Nous avons d\u00e9j\u00e0 h\u00e2te de vous y retrouver \ud83d\ude42<\/div><\/li>\n<\/ul>\n\n\n<div class=\"wp-block-buttons is-layout-flex wp-block-buttons-is-layout-flex\">\n<div class=\"wp-block-button has-custom-font-size is-style-outline has-small-font-size is-style-outline--1\"><a class=\"wp-block-button__link has-text-color has-link-color wp-element-button\" href=\"https:\/\/www.sbcasbl.be\/index.php\/actualites\/\" style=\"color:#5fa30d\">Lire toutes les actualit\u00e9s<\/a><\/div>\n<\/div>\n","protected":false},"excerpt":{"rendered":"","protected":false},"author":1,"featured_media":0,"parent":0,"menu_order":0,"comment_status":"closed","ping_status":"open","template":"","meta":{"footnotes":""},"class_list":["post-2","page","type-page","status-publish","hentry"],"_links":{"self":[{"href":"https:\/\/www.sbcasbl.be\/index.php\/wp-json\/wp\/v2\/pages\/2","targetHints":{"allow":["GET"]}}],"collection":[{"href":"https:\/\/www.sbcasbl.be\/index.php\/wp-json\/wp\/v2\/pages"}],"about":[{"href":"https:\/\/www.sbcasbl.be\/index.php\/wp-json\/wp\/v2\/types\/page"}],"author":[{"embeddable":true,"href":"https:\/\/www.sbcasbl.be\/index.php\/wp-json\/wp\/v2\/users\/1"}],"replies":[{"embeddable":true,"href":"https:\/\/www.sbcasbl.be\/index.php\/wp-json\/wp\/v2\/comments?post=2"}],"version-history":[{"count":14,"href":"https:\/\/www.sbcasbl.be\/index.php\/wp-json\/wp\/v2\/pages\/2\/revisions"}],"predecessor-version":[{"id":360,"href":"https:\/\/www.sbcasbl.be\/index.php\/wp-json\/wp\/v2\/pages\/2\/revisions\/360"}],"wp:attachment":[{"href":"https:\/\/www.sbcasbl.be\/index.php\/wp-json\/wp\/v2\/media?parent=2"}],"curies":[{"name":"wp","href":"https:\/\/api.w.org\/{rel}","templated":true}]}}