{"id":193,"date":"2024-01-26T12:09:14","date_gmt":"2024-01-26T11:09:14","guid":{"rendered":"http:\/\/pnpgpaa.cluster030.hosting.ovh.net\/?page_id=193"},"modified":"2026-04-13T11:03:24","modified_gmt":"2026-04-13T09:03:24","slug":"devenir-membre","status":"publish","type":"page","link":"https:\/\/www.sbcasbl.be\/index.php\/devenir-membre\/","title":{"rendered":"Devenir membre"},"content":{"rendered":"\n<p>Le montant de la cotisation annuelle est de\u2009:<\/p>\n\n\n\n<figure class=\"wp-block-table\"><table class=\"has-fixed-layout\"><tbody><tr><td class=\"has-text-align-center\" data-align=\"center\"><strong>18 euros<\/strong><\/td><td class=\"has-text-align-center\" data-align=\"center\"><strong>25 euros<\/strong><\/td><\/tr><tr><td class=\"has-text-align-center\" data-align=\"center\">par domiciliation bancaire<\/td><td class=\"has-text-align-center\" data-align=\"center\">par virement<\/td><\/tr><\/tbody><\/table><\/figure>\n\n\n\n<p>Cette adh\u00e9sion vous donne droit durant 12 mois \u00e0 :<\/p>\n\n\n\n<ul class=\"wp-block-list\">\n<li>un colis de bienvenue (ABC du c\u0153liaque, le dernier magazine, les 2 d\u00e9pliants \u00ab\u00a0La c\u0153liaquie\u00a0\u00bb et \u00ab\u00a0Cuisiner sans gluten\u00a0\u00bb)<\/li>\n\n\n\n<li>notre magazine \u201cVivre sans gluten !\u201d 4x\/an par courrier postal (uniquement pour les r\u00e9sidents belges) ou en version \u00e9lectronique<\/li>\n\n\n\n<li>l\u2019acc\u00e8s gratuit \u00e0 nos march\u00e9s sans gluten<\/li>\n\n\n\n<li>la possibilit\u00e9 de commander des produits Revogan aupr\u00e8s des d\u00e9l\u00e9gu\u00e9s r\u00e9gionaux<\/li>\n\n\n\n<li>des r\u00e9ductions chez nos partenaires<\/li>\n\n\n\n<li>l&rsquo;acc\u00e8s \u00e0 une communaut\u00e9 chaleureuse<\/li>\n<\/ul>\n\n\n<div class=\"everest-forms\"><div class=\"evf-container default\" id=\"evf-194\"><form id=\"evf-form-194\" class=\"everest-form\" data-formid=\"194\" data-ajax_submission=\"0\" data-keyboard_friendly_form=\"0\" data-form_state_type=\"\" method=\"post\" enctype=\"multipart\/form-data\" action=\"\/index.php\/wp-json\/wp\/v2\/pages\/193\"><div class=\"evf-field-container\"><input type=\"hidden\" id=\"_wpnonce194\" name=\"_wpnonce194\" value=\"ccce8d48f9\" \/><input type=\"hidden\" name=\"_wp_http_referer\" value=\"\/index.php\/wp-json\/wp\/v2\/pages\/193\" \/><input type='hidden' id='evf_submission_start_time' name='evf_submission_start_time'\/><div class=\"evf-frontend-row\" data-row=\"row_1\" conditional_rules=\"[]\"><div class=\"evf-frontend-grid evf-grid-2\" data-grid=\"grid_1\"><div id=\"evf-194-field_pL00MferSl-9-container\" class=\"evf-field evf-field-last-name form-row validate-required\" data-required-field-message=\"Ce champ est n\u00e9cessaire.\" data-field-id=\"pL00MferSl-9\"><label class=\"evf-field-label\" for=\"evf-194-field_pL00MferSl-9\"><span class=\"evf-label\">Nom de la personne c\u0153liaque<\/span> <abbr class=\"required\" title=\"N\u00e9cessaire\">*<\/abbr><\/label><input type=\"text\" id=\"evf-194-field_pL00MferSl-9\" class=\"input-text\" name=\"everest_forms[form_fields][pL00MferSl-9]\" required><\/div><\/div><div class=\"evf-frontend-grid evf-grid-2\" data-grid=\"grid_2\"><div id=\"evf-194-field_H29AIM8jSV-10-container\" class=\"evf-field evf-field-first-name form-row validate-required\" data-required-field-message=\"Ce champ est n\u00e9cessaire.\" data-field-id=\"H29AIM8jSV-10\"><label class=\"evf-field-label\" for=\"evf-194-field_H29AIM8jSV-10\"><span class=\"evf-label\">Pr\u00e9nom de la personne c\u0153liaque<\/span> <abbr class=\"required\" title=\"N\u00e9cessaire\">*<\/abbr><\/label><input type=\"text\" id=\"evf-194-field_H29AIM8jSV-10\" class=\"input-text\" name=\"everest_forms[form_fields][H29AIM8jSV-10]\" required><\/div><\/div><\/div><div class=\"evf-frontend-row\" data-row=\"row_4\" conditional_rules=\"[]\"><div class=\"evf-frontend-grid evf-grid-1\" data-grid=\"grid_1\"><div id=\"evf-194-field_AhKDz0nxVh-15-container\" class=\"evf-field evf-field-text form-row validate-required\" data-required-field-message=\"Ce champ est n\u00e9cessaire.\" data-field-id=\"AhKDz0nxVh-15\"><label class=\"evf-field-label\" for=\"evf-194-field_AhKDz0nxVh-15\"><span class=\"evf-label\">Adresse (rue et n\u00b0)<\/span> <abbr class=\"required\" title=\"N\u00e9cessaire\">*<\/abbr><\/label><input type=\"text\" id=\"evf-194-field_AhKDz0nxVh-15\" class=\"input-text\" name=\"everest_forms[form_fields][AhKDz0nxVh-15]\" required><\/div><div id=\"evf-194-field_ZuOlswFJ99-16-container\" class=\"evf-field evf-field-text form-row validate-required\" data-required-field-message=\"Ce champ est n\u00e9cessaire.\" data-field-id=\"ZuOlswFJ99-16\"><label class=\"evf-field-label\" for=\"evf-194-field_ZuOlswFJ99-16\"><span class=\"evf-label\">Code postal<\/span> <abbr class=\"required\" title=\"N\u00e9cessaire\">*<\/abbr><\/label><input type=\"text\" id=\"evf-194-field_ZuOlswFJ99-16\" class=\"input-text\" name=\"everest_forms[form_fields][ZuOlswFJ99-16]\" required><\/div><div id=\"evf-194-field_HyucwSqhLM-17-container\" class=\"evf-field evf-field-text form-row validate-required\" data-required-field-message=\"Ce champ est n\u00e9cessaire.\" data-field-id=\"HyucwSqhLM-17\"><label class=\"evf-field-label\" for=\"evf-194-field_HyucwSqhLM-17\"><span class=\"evf-label\">Localit\u00e9<\/span> <abbr class=\"required\" title=\"N\u00e9cessaire\">*<\/abbr><\/label><input type=\"text\" id=\"evf-194-field_HyucwSqhLM-17\" class=\"input-text\" name=\"everest_forms[form_fields][HyucwSqhLM-17]\" required><\/div><div id=\"evf-194-field_5CTdG1GKU5-19-container\" class=\"evf-field evf-field-text form-row validate-required\" data-required-field-message=\"Ce champ est n\u00e9cessaire.\" data-field-id=\"5CTdG1GKU5-19\"><label class=\"evf-field-label\" for=\"evf-194-field_5CTdG1GKU5-19\"><span class=\"evf-label\">Pays<\/span> <abbr class=\"required\" title=\"N\u00e9cessaire\">*<\/abbr><\/label><input type=\"text\" id=\"evf-194-field_5CTdG1GKU5-19\" class=\"input-text\" name=\"everest_forms[form_fields][5CTdG1GKU5-19]\" required><\/div><div id=\"evf-194-field_ydrh6AA4h0-12-container\" class=\"evf-field evf-field-text form-row validate-required\" data-required-field-message=\"Ce champ est n\u00e9cessaire.\" data-field-id=\"ydrh6AA4h0-12\"><label class=\"evf-field-label\" for=\"evf-194-field_ydrh6AA4h0-12\"><span class=\"evf-label\">N\u00b0 de t\u00e9l\u00e9phone<\/span> <abbr class=\"required\" title=\"N\u00e9cessaire\">*<\/abbr><\/label><input type=\"text\" id=\"evf-194-field_ydrh6AA4h0-12\" class=\"input-text\" name=\"everest_forms[form_fields][ydrh6AA4h0-12]\" required><\/div><div id=\"evf-194-field_KTDNpeRGwO-11-container\" class=\"evf-field evf-field-email form-row validate-required validate-email\" data-required-field-message=\"Veuillez entrer une adresse e-mail valide.\" data-field-id=\"KTDNpeRGwO-11\"><label class=\"evf-field-label\" for=\"evf-194-field_KTDNpeRGwO-11\"><span class=\"evf-label\">E-mail<\/span> <abbr class=\"required\" title=\"N\u00e9cessaire\">*<\/abbr><\/label><input type=\"email\" id=\"evf-194-field_KTDNpeRGwO-11\" class=\"input-text\" name=\"everest_forms[form_fields][KTDNpeRGwO-11]\" required ><\/div><\/div><\/div><div class=\"evf-frontend-row\" data-row=\"row_2\" conditional_rules=\"[]\"><div class=\"evf-frontend-grid evf-grid-1\" data-grid=\"grid_1\"><div id=\"evf-194-field_qZztFvtKyS-18-container\" class=\"evf-field evf-field-radio form-row\" data-field-id=\"qZztFvtKyS-18\"><label class=\"evf-field-label\" for=\"evf-194-field_qZztFvtKyS-18\"><span class=\"evf-label\">Je paie :<\/span> <\/label><ul id=\"evf-194-field_qZztFvtKyS-18\"><li class=\"choice-1 depth-1\"><input type=\"radio\" id=\"evf-194-field_qZztFvtKyS-18_1\" class=\"input-text\" name=\"everest_forms[form_fields][qZztFvtKyS-18]\" value=\"par domiciliation (18 euros\/an)\"  ><label class=\"everest-forms-field-label-inline\" for=\"evf-194-field_qZztFvtKyS-18_1\">par domiciliation (18 euros\/an)<\/label><\/li><li class=\"choice-2 depth-1\"><input type=\"radio\" id=\"evf-194-field_qZztFvtKyS-18_2\" class=\"input-text\" name=\"everest_forms[form_fields][qZztFvtKyS-18]\" value=\"par virement bancaire (25 euros\/an)\"  ><label class=\"everest-forms-field-label-inline\" for=\"evf-194-field_qZztFvtKyS-18_2\">par virement bancaire (25 euros\/an)<\/label><\/li><\/ul><\/div><div id=\"evf-194-field_mOvq8hB3eQ-13-container\" class=\"evf-field evf-field-radio form-row validate-required\" data-required-field-message=\"Ce champ est n\u00e9cessaire.\" data-field-id=\"mOvq8hB3eQ-13\"><label class=\"evf-field-label\" for=\"evf-194-field_mOvq8hB3eQ-13\"><span class=\"evf-label\">Je souhaite recevoir le magazine :<\/span> <abbr class=\"required\" title=\"N\u00e9cessaire\">*<\/abbr><\/label><ul id=\"evf-194-field_mOvq8hB3eQ-13\" class=\" evf-field-required\"><li class=\"choice-1 depth-1\"><input type=\"radio\" id=\"evf-194-field_mOvq8hB3eQ-13_1\" class=\"input-text\" name=\"everest_forms[form_fields][mOvq8hB3eQ-13]\" value=\"en version papier (uniquement pour les r\u00e9sidents belges)\" required ><label class=\"everest-forms-field-label-inline\" for=\"evf-194-field_mOvq8hB3eQ-13_1\">en version papier (uniquement pour les r\u00e9sidents belges)<\/label><\/li><li class=\"choice-2 depth-1\"><input type=\"radio\" id=\"evf-194-field_mOvq8hB3eQ-13_2\" class=\"input-text\" name=\"everest_forms[form_fields][mOvq8hB3eQ-13]\" value=\"en version \u00e9lectronique (PDF envoy\u00e9 par e-mail)\" required ><label class=\"everest-forms-field-label-inline\" for=\"evf-194-field_mOvq8hB3eQ-13_2\">en version \u00e9lectronique (PDF envoy\u00e9 par e-mail)<\/label><\/li><\/ul><\/div><div id=\"evf-194-field_crt0DeVRU9-14-container\" class=\"evf-field evf-field-checkbox form-row\" data-field-id=\"crt0DeVRU9-14\"><label class=\"evf-field-label\" for=\"evf-194-field_crt0DeVRU9-14\"><span class=\"evf-label\">Je souhaite \u00e9galement commander (optionnel) :<\/span> <\/label><ul id=\"evf-194-field_crt0DeVRU9-14\"><li class=\"choice-2 depth-1\"><input type=\"checkbox\" id=\"evf-194-field_crt0DeVRU9-14_2\" class=\"input-text\" name=\"everest_forms[form_fields][crt0DeVRU9-14][]\" value=\"Guide \u00e9cole &quot;Grandir sans gluten&quot; (5 euros)\"  ><label class=\"everest-forms-field-label-inline\" for=\"evf-194-field_crt0DeVRU9-14_2\">Guide \u00e9cole \"Grandir sans gluten\" (5 euros)<\/label><\/li><li class=\"choice-3 depth-1\"><input type=\"checkbox\" id=\"evf-194-field_crt0DeVRU9-14_3\" class=\"input-text\" name=\"everest_forms[form_fields][crt0DeVRU9-14][]\" value=\"Livre de recettes (27 euros)\"  ><label class=\"everest-forms-field-label-inline\" for=\"evf-194-field_crt0DeVRU9-14_3\">Livre de recettes (27 euros)<\/label><\/li><\/ul><\/div><\/div><\/div><\/div><div class=\"evf-honeypot-container evf-field-hp\"><label for=\"evf-194-field-hp\" class=\"evf-field-label\">Name<\/label><input type=\"text\" name=\"everest_forms[hp]\" id=\"evf-194-field-hp\" class=\"input-text\"><\/div><div class=\"evf-submit-container \" ><input type=\"hidden\" name=\"everest_forms[id]\" value=\"194\"><input type=\"hidden\" name=\"everest_forms[author]\" value=\"1\"><button type='submit' name='everest_forms[submit]' class='everest-forms-submit-button button evf-submit ' id='evf-submit-194' value='evf-submit' data-process-text=\"En cours\u2026\" conditional_rules='&quot;&quot;' conditional_id='evf-submit-194'  id=\"evf-submit-194\" aria-live=\"assertive\">Devenir membre<\/button><\/div><\/form><\/div><!-- .evf-container --><\/div>\n\n\n\n<p><strong>Si vous ne recevez aucun e-mail de confirmation suite \u00e0 votre inscription, regardez dans votre dossier \u00ab\u00a0SPAM\u00a0\u00bb.<\/strong><\/p>\n","protected":false},"excerpt":{"rendered":"<p>Le montant de la cotisation annuelle est de\u2009: 18 euros 25 euros par domiciliation bancaire par virement Cette adh\u00e9sion vous donne droit durant 12 mois \u00e0 : Si vous ne recevez aucun e-mail de confirmation suite \u00e0 votre inscription, regardez<\/p>\n","protected":false},"author":1,"featured_media":0,"parent":0,"menu_order":0,"comment_status":"closed","ping_status":"closed","template":"","meta":{"footnotes":""},"class_list":["post-193","page","type-page","status-publish","hentry"],"_links":{"self":[{"href":"https:\/\/www.sbcasbl.be\/index.php\/wp-json\/wp\/v2\/pages\/193","targetHints":{"allow":["GET"]}}],"collection":[{"href":"https:\/\/www.sbcasbl.be\/index.php\/wp-json\/wp\/v2\/pages"}],"about":[{"href":"https:\/\/www.sbcasbl.be\/index.php\/wp-json\/wp\/v2\/types\/page"}],"author":[{"embeddable":true,"href":"https:\/\/www.sbcasbl.be\/index.php\/wp-json\/wp\/v2\/users\/1"}],"replies":[{"embeddable":true,"href":"https:\/\/www.sbcasbl.be\/index.php\/wp-json\/wp\/v2\/comments?post=193"}],"version-history":[{"count":11,"href":"https:\/\/www.sbcasbl.be\/index.php\/wp-json\/wp\/v2\/pages\/193\/revisions"}],"predecessor-version":[{"id":644,"href":"https:\/\/www.sbcasbl.be\/index.php\/wp-json\/wp\/v2\/pages\/193\/revisions\/644"}],"wp:attachment":[{"href":"https:\/\/www.sbcasbl.be\/index.php\/wp-json\/wp\/v2\/media?parent=193"}],"curies":[{"name":"wp","href":"https:\/\/api.w.org\/{rel}","templated":true}]}}