{"id":104,"date":"2024-01-26T10:10:08","date_gmt":"2024-01-26T09:10:08","guid":{"rendered":"http:\/\/pnpgpaa.cluster030.hosting.ovh.net\/?page_id=104"},"modified":"2024-02-07T22:36:16","modified_gmt":"2024-02-07T21:36:16","slug":"actualites","status":"publish","type":"page","link":"https:\/\/www.sbcasbl.be\/index.php\/actualites\/","title":{"rendered":"Actualit\u00e9s"},"content":{"rendered":"<ul class=\"wp-block-latest-posts__list has-dates wp-block-latest-posts\"><li><a class=\"wp-block-latest-posts__post-title\" href=\"https:\/\/www.sbcasbl.be\/index.php\/2026\/03\/25\/prochain-marche-sans-gluten-le-dimanche-29-03-a-seraing\/\">Prochain march\u00e9 sans gluten le dimanche 29\/03 \u00e0 Seraing !<\/a><time datetime=\"2026-03-25T08:16:00+01:00\" class=\"wp-block-latest-posts__post-date\">25 mars 2026<\/time><div class=\"wp-block-latest-posts__post-excerpt\">De nombreux artisans seront pr\u00e9sents : L&rsquo;Alternative, So Bake it, Lila Sweet, Dobbelstein, Le panier de Letti, Raberber, Bi\u00e8res Courtin, Confi-sens, Vervia, Revogan, In&rsquo;tol\u00e9rance, Foodtwist, &#8230; Pour vous restaurer \u00e0 midi, il y aura un foodtruck : \u00c7a roule sans (au menu : quiche, soupe et salade). Sans oublier le glacier Limont blanc avec ses<\/div><\/li>\n<li><a class=\"wp-block-latest-posts__post-title\" href=\"https:\/\/www.sbcasbl.be\/index.php\/2025\/08\/25\/dossier-ecole-pour-les-enfants-coeliaques\/\">Dossier \u00ab\u00a0\u00e9cole\u00a0\u00bb pour les enfants c\u0153liaques<\/a><time datetime=\"2025-08-25T21:29:00+02:00\" class=\"wp-block-latest-posts__post-date\">25 ao\u00fbt 2025<\/time><div class=\"wp-block-latest-posts__post-excerpt\">A l&rsquo;occasion de la rentr\u00e9e scolaire, nous vous rappelons que nous disposons d&rsquo;un dossier \u00ab\u00a0\u00e9cole\u00a0\u00bb qui vous aide \u00e0 g\u00e9rer au mieux la maladie c\u0153liaque de votre enfant dans le contexte scolaire. Ce dossier est compos\u00e9 de 4 documents : un petit livre illustr\u00e9 pour l&rsquo;enfant, un document pour les parents de l&rsquo;enfant c\u0153liaque, une<\/div><\/li>\n<li><a class=\"wp-block-latest-posts__post-title\" href=\"https:\/\/www.sbcasbl.be\/index.php\/2025\/07\/09\/horaire-dete\/\">Horaire d&rsquo;\u00e9t\u00e9<\/a><time datetime=\"2025-07-09T18:28:31+02:00\" class=\"wp-block-latest-posts__post-date\">9 juillet 2025<\/time><div class=\"wp-block-latest-posts__post-excerpt\">Notre secr\u00e9tariat fonctionnera au ralenti durant l&rsquo;\u00e9t\u00e9, selon les vacances de chacun de nos b\u00e9n\u00e9voles. Les d\u00e9lais de r\u00e9ponse peuvent donc \u00eatre un peu plus longs que d&rsquo;habitude. Merci pour votre compr\u00e9hension et on vous souhaite un tr\u00e8s bel \u00e9t\u00e9 sans gluten !<\/div><\/li>\n<li><a class=\"wp-block-latest-posts__post-title\" href=\"https:\/\/www.sbcasbl.be\/index.php\/2025\/03\/12\/prochain-marche-sans-gluten-le-dimanche-01-06-a-seraing\/\">Prochain march\u00e9 sans gluten le dimanche 01\/06 \u00e0 Seraing<\/a><time datetime=\"2025-03-12T14:09:11+01:00\" class=\"wp-block-latest-posts__post-date\">12 mars 2025<\/time><div class=\"wp-block-latest-posts__post-excerpt\">Rejoignez-nous lors de notre prochain march\u00e9 sans gluten ! Il aura lieu le dimanche 1er juin 2025 \u00e0 Seraing. Au programme : de nombreux artisans vous proposeront leurs produits sans gluten, un glacier sera pr\u00e9sent avec des cornets sans gluten et pour vous rassasier, des pains saucisse sans gluten seront \u00e9galement propos\u00e9s \ud83d\ude42 Horaire :<\/div><\/li>\n<li><a class=\"wp-block-latest-posts__post-title\" href=\"https:\/\/www.sbcasbl.be\/index.php\/2024\/07\/10\/prochain-marche-sans-gluten-le-23-11-a-pont-a-celles\/\">Prochain march\u00e9 sans gluten le 23\/11 \u00e0 Pont-\u00e0-Celles<\/a><time datetime=\"2024-07-10T11:52:57+02:00\" class=\"wp-block-latest-posts__post-date\">10 juillet 2024<\/time><div class=\"wp-block-latest-posts__post-excerpt\">Bloquez d\u00e9j\u00e0 la date dans vos agendas ! Notre prochain march\u00e9 sans gluten aura lieu le samedi 23 novembre 2024 \u00e0 Pont-\u00e0-Celles. Plus d&rsquo;infos suivront dans le courant du mois de septembre. Nous avons d\u00e9j\u00e0 h\u00e2te de vous y retrouver \ud83d\ude42<\/div><\/li>\n<li><a class=\"wp-block-latest-posts__post-title\" href=\"https:\/\/www.sbcasbl.be\/index.php\/2024\/06\/27\/permanence-durant-lete\/\">Permanence durant l&rsquo;\u00e9t\u00e9<\/a><time datetime=\"2024-06-27T10:31:56+02:00\" class=\"wp-block-latest-posts__post-date\">27 juin 2024<\/time><div class=\"wp-block-latest-posts__post-excerpt\">Durant les mois de juillet et ao\u00fbt, notre secr\u00e9tariat prendra des airs de vacances. Notre permanence t\u00e9l\u00e9phonique ne sera pas accessible. Mais nous continuerons \u00e0 vous r\u00e9pondre par e-mail. Bel \u00e9t\u00e9 sans gluten \u00e0 tous !<\/div><\/li>\n<li><a class=\"wp-block-latest-posts__post-title\" href=\"https:\/\/www.sbcasbl.be\/index.php\/2024\/05\/21\/des-tables-rondes-lors-de-notre-marche-du-2-juin\/\">Des tables rondes lors de notre march\u00e9 du 2 juin<\/a><time datetime=\"2024-05-21T21:53:23+02:00\" class=\"wp-block-latest-posts__post-date\">21 mai 2024<\/time><div class=\"wp-block-latest-posts__post-excerpt\">Lors de notre march\u00e9 sans gluten du 2 juin \u00e0 Seraing, nous allons organiser des tables rondes de discussion, uniquement r\u00e9serv\u00e9es \u00e0 nos membres. Voici les diff\u00e9rents th\u00e8mes : les aspects psycho-sociaux du r\u00e9gime sans gluten (g\u00e9rer les sorties, &#8230;)<\/div><\/li>\n<li><a class=\"wp-block-latest-posts__post-title\" href=\"https:\/\/www.sbcasbl.be\/index.php\/2024\/05\/13\/journee-mondiale-de-la-coeliaquie\/\">Journ\u00e9e mondiale de la c\u0153liaquie<\/a><time datetime=\"2024-05-13T22:57:04+02:00\" class=\"wp-block-latest-posts__post-date\">13 mai 2024<\/time><div class=\"wp-block-latest-posts__post-excerpt\">Le 16 mai est la journ\u00e9e mondiale de la c\u0153liaquie, une maladie auto-immune qui touche 1 % de la population.\n\nEn Belgique, environ 110.000 personnes seraient atteintes de c\u0153liaquie mais seulement 10 % d\u2019entre elles sont diagnostiqu\u00e9es. Beaucoup de malades c\u0153liaques ignorent donc leur \u00e9tat.<\/div><\/li>\n<li><a class=\"wp-block-latest-posts__post-title\" href=\"https:\/\/www.sbcasbl.be\/index.php\/2024\/03\/15\/problemes-de-mails-en-janvier-et-fevrier\/\">Probl\u00e8mes d&rsquo;e-mails en janvier et f\u00e9vrier<\/a><time datetime=\"2024-03-15T13:19:07+01:00\" class=\"wp-block-latest-posts__post-date\">15 mars 2024<\/time><div class=\"wp-block-latest-posts__post-excerpt\">Nous avons eu des probl\u00e8mes avec nos adresses e-mail entre d\u00e9but janvier et mi-f\u00e9vrier. Si vous nous avez envoy\u00e9 un e-mail \u00e0 ces dates-l\u00e0 et que vous n&rsquo;avez pas re\u00e7u de r\u00e9ponse de notre part, n&rsquo;h\u00e9sitez pas \u00e0 nous le renvoyer ! Toutes nos excuses pour le d\u00e9sagr\u00e9ment.<\/div><\/li>\n<li><a class=\"wp-block-latest-posts__post-title\" href=\"https:\/\/www.sbcasbl.be\/index.php\/2024\/02\/07\/prochain-magazine-en-mars\/\">Prochain magazine en mars<\/a><time datetime=\"2024-02-07T22:13:07+01:00\" class=\"wp-block-latest-posts__post-date\">7 f\u00e9vrier 2024<\/time><div class=\"wp-block-latest-posts__post-excerpt\">Notre magazine \u00ab\u00a0Vivre sans gluten\u00a0\u00bb est en cours de finalisation et arrivera dans vos bo\u00eetes aux lettres au mois de mars.<\/div><\/li>\n<\/ul>","protected":false},"excerpt":{"rendered":"","protected":false},"author":1,"featured_media":0,"parent":0,"menu_order":0,"comment_status":"closed","ping_status":"closed","template":"","meta":{"footnotes":""},"class_list":["post-104","page","type-page","status-publish","hentry"],"_links":{"self":[{"href":"https:\/\/www.sbcasbl.be\/index.php\/wp-json\/wp\/v2\/pages\/104","targetHints":{"allow":["GET"]}}],"collection":[{"href":"https:\/\/www.sbcasbl.be\/index.php\/wp-json\/wp\/v2\/pages"}],"about":[{"href":"https:\/\/www.sbcasbl.be\/index.php\/wp-json\/wp\/v2\/types\/page"}],"author":[{"embeddable":true,"href":"https:\/\/www.sbcasbl.be\/index.php\/wp-json\/wp\/v2\/users\/1"}],"replies":[{"embeddable":true,"href":"https:\/\/www.sbcasbl.be\/index.php\/wp-json\/wp\/v2\/comments?post=104"}],"version-history":[{"count":4,"href":"https:\/\/www.sbcasbl.be\/index.php\/wp-json\/wp\/v2\/pages\/104\/revisions"}],"predecessor-version":[{"id":339,"href":"https:\/\/www.sbcasbl.be\/index.php\/wp-json\/wp\/v2\/pages\/104\/revisions\/339"}],"wp:attachment":[{"href":"https:\/\/www.sbcasbl.be\/index.php\/wp-json\/wp\/v2\/media?parent=104"}],"curies":[{"name":"wp","href":"https:\/\/api.w.org\/{rel}","templated":true}]}}