{"id":102,"date":"2024-01-26T10:09:27","date_gmt":"2024-01-26T09:09:27","guid":{"rendered":"http:\/\/pnpgpaa.cluster030.hosting.ovh.net\/?page_id=102"},"modified":"2025-08-29T10:50:28","modified_gmt":"2025-08-29T08:50:28","slug":"la-sbc","status":"publish","type":"page","link":"https:\/\/www.sbcasbl.be\/index.php\/la-sbc\/","title":{"rendered":"La SBC"},"content":{"rendered":"\n<p>La Soci\u00e9t\u00e9 belge de la C\u0153liaquie a \u00e9t\u00e9 cr\u00e9\u00e9e en 1977 \u00e0 l\u2019initiative d\u2019un groupe de m\u00e9decins, de di\u00e9t\u00e9ticiens, de personnes c\u0153liaques adultes et de parents d\u2019enfants c\u0153liaques.<\/p>\n\n\n\n<p>L\u2019objectif premier de l\u2019association est d\u2019informer les personnes qui doivent suivre un r\u00e9gime sans gluten et qui se trouvent souvent d\u00e9munies face aux contraintes li\u00e9es \u00e0 un changement brutal de leur r\u00e9gime alimentaire, et de leur permettre d\u2019\u00e9voluer vers un mieux \u00eatre global.<\/p>\n\n\n\n<p>L\u2019asbl propose ainsi \u00e0 ses membres :<\/p>\n\n\n\n<ul class=\"wp-block-list\">\n<li>un magazine \u00ab\u00a0Vivre sans gluten !\u00a0\u00bb dans lequel se retrouvent toute une s\u00e9rie d\u2019informations pratiques (informations m\u00e9dicales, recettes, nouveaux produits, bonnes adresses, \u2026), <\/li>\n\n\n\n<li>une page et un groupe facebook \u00ab\u00a0Vivre sans gluten\u00a0\u00bb, ainsi qu&rsquo;une page Instagram,<\/li>\n\n\n\n<li>des march\u00e9s o\u00f9 se retrouvent de nombreux artisans et marques \u00ab\u00a0sans gluten\u00a0\u00bb<\/li>\n\n\n\n<li>des produits sans gluten \u00e0 des prix avantageux via des d\u00e9l\u00e9gu\u00e9s r\u00e9gionaux<\/li>\n\n\n\n<li>des documents de sensibilisation et du mat\u00e9riel p\u00e9dagogique<\/li>\n<\/ul>\n\n\n\n<p>La SBC est membre de l&rsquo;<a href=\"https:\/\/www.aoecs.org\" data-type=\"link\" data-id=\"https:\/\/www.aoecs.org\">AOECS<\/a> (Association of European Coeliac Societies).<\/p>\n\n\n\n<p>Actuellement, le Conseil d\u2019Administration de l\u2019association est compos\u00e9 de 8 membres b\u00e9n\u00e9voles, \u00e9paul\u00e9s par un Comit\u00e9 scientifique et d\u2019autres membres. Une Assembl\u00e9e g\u00e9n\u00e9rale compos\u00e9e d\u2019une vingtaine de membres effectifs veille \u00e9galement sur l\u2019association et se r\u00e9unit une fois par an.<\/p>\n\n\n<p><\/br><\/p>\n\n\n\n<h2 class=\"wp-block-heading\">Membres du Conseil d&rsquo;administration<\/h2>\n\n\n\n<figure class=\"wp-block-table\"><table><tbody><tr><td><strong>Prof.&nbsp;Pierre&nbsp;Deprez<\/strong> <br>Pr\u00e9sident<\/td><td><strong>Sabine Pleinevaux<\/strong><br>Tr\u00e9sori\u00e8re<\/td><td><strong>C\u00e9cile Cnockaert<\/strong><br>Secr\u00e9taire et webmaster<\/td><\/tr><tr><td><strong>Val\u00e9rie Foucart<\/strong><br>Coordinatrice du magazine<\/td><td><strong>Ga\u00eblle Dodeur<\/strong><br>Relations internationales, partenariats commerciaux et r\u00e9seaux sociaux<\/td><td><strong>Katty Seghi<\/strong><br>Ventes du mat\u00e9riel p\u00e9dagogique et graphisme<\/td><\/tr><tr><td><strong>Silvana Infantino<\/strong><br>Graphisme et suivi de projets<\/td><td><strong>Margot Cezard<\/strong><br>Coordination des march\u00e9s<br><\/td><td><br><br><\/td><\/tr><\/tbody><\/table><\/figure>\n\n\n<p><\/br><\/p>\n\n\n\n<p>Le CA est soutenu par Brigitte Richard, d\u00e9l\u00e9gu\u00e9e et coordinatrice des d\u00e9l\u00e9gu\u00e9s r\u00e9gionaux<\/p>\n\n\n<p><\/br><\/p>\n\n\n\n<h2 class=\"wp-block-heading\">Comit\u00e9 scientifique<\/h2>\n\n\n\n<ul class=\"wp-block-list\">\n<li><strong>Dr. Sylvie Boden<\/strong>, P\u00e9dopsychiatre, coordinatrice du Conseil Scientifique<\/li>\n\n\n\n<li><strong>Prof. Dr. Pierre H. Deprez<\/strong>, Chef de Clinique, Professeur ordinaire, h\u00e9pato gastroent\u00e9rologie, Cliniques universitaires Saint-Luc, Universit\u00e9 Catholique de Louvain<\/li>\n\n\n\n<li><strong>Dr. St\u00e9phanie Colinet<\/strong>, gastrop\u00e9diatre, responsable du service de gastroent\u00e9rologie et h\u00e9patologie p\u00e9diatrique du CHC Clinique du Mont L\u00e9gia<\/li>\n\n\n\n<li><strong>Dr. Anne Druez<\/strong>, Gastro- enterologue, Service de gastroent\u00e9rologie CHU Mont-Godinne<\/li>\n\n\n\n<li><strong>Prof. Dr. Catherine Reenaers<\/strong>, Gastro-ent\u00e9roloque, Service de gastroent\u00e9rologie, h\u00e9patologie et oncologie digestive, CHU Li\u00e8ge<\/li>\n\n\n\n<li><strong>Dr. Kallirroi Kotilea<\/strong>, p\u00e9diatre sp\u00e9cialis\u00e9e en gastro-ent\u00e9rologie p\u00e9diatrique, Chef de Clinique Adjointe \u00e0 l\u2019unit\u00e9 de gastro-ent\u00e9rologie de l\u2019H\u00f4pital Universitaire des Enfants Reine Fabiola Bruxelles<\/li>\n\n\n\n<li><strong>B\u00e9n\u00e9dicte Gueuffen<\/strong>, Di\u00e9t\u00e9ticienne, CHC, Clinique Saint-Joseph Li\u00e8ge<\/li>\n<\/ul>\n\n\n\n<p><br><br><br><br><br><br><br><br><\/p>\n","protected":false},"excerpt":{"rendered":"<p>La Soci\u00e9t\u00e9 belge de la C\u0153liaquie a \u00e9t\u00e9 cr\u00e9\u00e9e en 1977 \u00e0 l\u2019initiative d\u2019un groupe de m\u00e9decins, de di\u00e9t\u00e9ticiens, de personnes c\u0153liaques adultes et de parents d\u2019enfants c\u0153liaques. L\u2019objectif premier de l\u2019association est d\u2019informer les personnes qui doivent suivre un<\/p>\n","protected":false},"author":1,"featured_media":0,"parent":0,"menu_order":0,"comment_status":"closed","ping_status":"closed","template":"","meta":{"footnotes":""},"class_list":["post-102","page","type-page","status-publish","hentry"],"_links":{"self":[{"href":"https:\/\/www.sbcasbl.be\/index.php\/wp-json\/wp\/v2\/pages\/102","targetHints":{"allow":["GET"]}}],"collection":[{"href":"https:\/\/www.sbcasbl.be\/index.php\/wp-json\/wp\/v2\/pages"}],"about":[{"href":"https:\/\/www.sbcasbl.be\/index.php\/wp-json\/wp\/v2\/types\/page"}],"author":[{"embeddable":true,"href":"https:\/\/www.sbcasbl.be\/index.php\/wp-json\/wp\/v2\/users\/1"}],"replies":[{"embeddable":true,"href":"https:\/\/www.sbcasbl.be\/index.php\/wp-json\/wp\/v2\/comments?post=102"}],"version-history":[{"count":27,"href":"https:\/\/www.sbcasbl.be\/index.php\/wp-json\/wp\/v2\/pages\/102\/revisions"}],"predecessor-version":[{"id":573,"href":"https:\/\/www.sbcasbl.be\/index.php\/wp-json\/wp\/v2\/pages\/102\/revisions\/573"}],"wp:attachment":[{"href":"https:\/\/www.sbcasbl.be\/index.php\/wp-json\/wp\/v2\/media?parent=102"}],"curies":[{"name":"wp","href":"https:\/\/api.w.org\/{rel}","templated":true}]}}